{"id":2,"date":"2025-05-12T19:38:33","date_gmt":"2025-05-12T19:38:33","guid":{"rendered":"https:\/\/savonmoniosaajat.hopia.dev\/?page_id=2"},"modified":"2025-06-12T08:44:41","modified_gmt":"2025-06-12T08:44:41","slug":"sample-page","status":"publish","type":"page","link":"https:\/\/savonmoniosaajat.hopia.dev\/","title":{"rendered":"Sample Page"},"content":{"rendered":"<p>[et_pb_section fb_built=&#8221;1&#8243; fullwidth=&#8221;on&#8221; _builder_version=&#8221;4.27.2&#8243; _module_preset=&#8221;default&#8221; global_colors_info=&#8221;{}&#8221;][et_pb_fullwidth_slider _builder_version=&#8221;4.27.2&#8243; _module_preset=&#8221;default&#8221; global_colors_info=&#8221;{}&#8221;][et_pb_slide heading=&#8221;Savon Moniosaajat&#8221; use_text_overlay=&#8221;on&#8221; text_overlay_color=&#8221;rgba(2,2,2,0.83)&#8221; _builder_version=&#8221;4.27.2&#8243; _module_preset=&#8221;default&#8221; body_font_size=&#8221;23px&#8221; background_enable_color=&#8221;off&#8221; background_image=&#8221;https:\/\/savonmoniosaajat.hopia.dev\/wp-content\/uploads\/2025\/06\/475081794_940291901540329_4072115696206407513_n.jpg&#8221; background_enable_image=&#8221;on&#8221; global_colors_info=&#8221;{}&#8221; sticky_transition=&#8221;on&#8221;]<\/p>\n<p>Monipuolista ja luotettavaa palvelua rakennus- ja mets\u00e4alan ammattilaisilta!<\/p>\n<p>[\/et_pb_slide][\/et_pb_fullwidth_slider][\/et_pb_section][et_pb_section fb_built=&#8221;1&#8243; _builder_version=&#8221;4.27.2&#8243; _module_preset=&#8221;default&#8221; global_colors_info=&#8221;{}&#8221;][et_pb_row column_structure=&#8221;1_2,1_2&#8243; _builder_version=&#8221;4.27.2&#8243; _module_preset=&#8221;default&#8221; global_colors_info=&#8221;{}&#8221;][et_pb_column type=&#8221;1_2&#8243; _builder_version=&#8221;4.27.2&#8243; _module_preset=&#8221;default&#8221; global_colors_info=&#8221;{}&#8221;][et_pb_text _builder_version=&#8221;4.27.2&#8243; _module_preset=&#8221;default&#8221; hover_enabled=&#8221;0&#8243; global_colors_info=&#8221;{}&#8221; sticky_enabled=&#8221;0&#8243;]<\/p>\n<h2>Yritys<\/h2>\n<p>Etsitk\u00f6 luotettavaa kumppania rakennus- tai mets\u00e4projekteihisi? Savon Moniosaajat Oy on valmiina auttamaan! Olemme erikoistuneet sek\u00e4 uudisrakennuksiin ett\u00e4 vanhempien kohteiden saneerauksiin. Olipa kyseess\u00e4 talo, m\u00f6kki, autotalli tai terassi, meilt\u00e4 l\u00f6ytyy osaamista ja kokemusta toteuttaa unelmasi.<\/p>\n<p>Mets\u00e4palvelumme kattavat kaiken pihapuiden kaadosta kantojyrsint\u00e4\u00e4n ja puiden sek\u00e4 risujen ajoon. Meid\u00e4n kanssamme voit olla varma, ett\u00e4 projektisi etenee sujuvasti suunnitteluvaiheesta aina laadukkaaseen toteutukseen.<\/p>\n<p>Savon Moniosaajat Oy:ll\u00e4 on laaja yhteisty\u00f6verkosto eri toimialojen ammattilaisten kanssa, mik\u00e4 takaa monipuoliset ja joustavat ratkaisut. Palvelemme yrityksi\u00e4, kuntia ja yksityisi\u00e4 asiakkaita Pohjois- ja Etel\u00e4-Savossa. Lis\u00e4ksi kuulumme tilaajavastuurekisteriin, mik\u00e4 on osoitus luotettavuudestamme.<\/p>\n<p>\u00c4l\u00e4 odota en\u00e4\u00e4 \u2013 ota yhteytt\u00e4 ja kysy lis\u00e4\u00e4 palveluistamme!<br \/>Tehd\u00e4\u00e4n yhdess\u00e4 unelmistasi totta.<\/p>\n<p>[\/et_pb_text][\/et_pb_column][et_pb_column type=&#8221;1_2&#8243; _builder_version=&#8221;4.27.2&#8243; _module_preset=&#8221;default&#8221; global_colors_info=&#8221;{}&#8221;][et_pb_image src=&#8221;https:\/\/savonmoniosaajat.hopia.dev\/wp-content\/uploads\/2025\/06\/500707093_1028250692744449_2169615175898188560_n.jpg&#8221; title_text=&#8221;500707093_1028250692744449_2169615175898188560_n&#8221; align=&#8221;center&#8221; _builder_version=&#8221;4.27.2&#8243; _module_preset=&#8221;default&#8221; width=&#8221;51%&#8221; global_colors_info=&#8221;{}&#8221;][\/et_pb_image][\/et_pb_column][\/et_pb_row][et_pb_row column_structure=&#8221;1_3,1_3,1_3&#8243; _builder_version=&#8221;4.27.2&#8243; _module_preset=&#8221;default&#8221; global_colors_info=&#8221;{}&#8221;][et_pb_column type=&#8221;1_3&#8243; _builder_version=&#8221;4.27.2&#8243; _module_preset=&#8221;default&#8221; global_colors_info=&#8221;{}&#8221;][et_pb_image src=&#8221;https:\/\/savonmoniosaajat.hopia.dev\/wp-content\/uploads\/2025\/06\/475143571_940344214868431_2331361875085386827_n.jpg&#8221; title_text=&#8221;475143571_940344214868431_2331361875085386827_n&#8221; _builder_version=&#8221;4.27.2&#8243; _module_preset=&#8221;default&#8221; global_colors_info=&#8221;{}&#8221;][\/et_pb_image][et_pb_text _builder_version=&#8221;4.27.2&#8243; _module_preset=&#8221;default&#8221; global_colors_info=&#8221;{}&#8221;]<\/p>\n<h2>Rakentamispalvelut<\/h2>\n<p>Tarjoamme monipuoliset rakentamispalvelut, jotka vastaavat kaikkiin tarpeisiisi. Olipa kyseess\u00e4 uudisrakentaminen tai remontti, meilt\u00e4 saat ammattitaitoista apua alusta loppuun.<\/p>\n<p><strong>Rakentamispalvelumme:<br \/>Uudisrakentaminen:<\/strong> Talot, m\u00f6kit ja talousrakennukset.<br \/>Terassit, laiturit ja ranta-alueiden kokonaisuuksien rakentaminen.<br \/><strong>Sis\u00e4- ja ulkoremontit:<\/strong> Katto, ulkoverhous, keitti\u00f6asennukset, lattiat ja paljon muuta.<\/p>\n<p>Olemme mukana projektissasi suunnittelusta toteutukseen, ja pystymme tarjoamaan avaimet k\u00e4teen -kokonaisuuksia aina tontin raivausty\u00f6st\u00e4 avainten luovutukseen asti.<\/p>\n<p>Ota yhteytt\u00e4 ja anna meid\u00e4n auttaa sinua toteuttamaan unelmasi!kuin haluat!<\/p>\n<p>[\/et_pb_text][\/et_pb_column][et_pb_column type=&#8221;1_3&#8243; _builder_version=&#8221;4.27.2&#8243; _module_preset=&#8221;default&#8221; global_colors_info=&#8221;{}&#8221;][et_pb_image src=&#8221;https:\/\/savonmoniosaajat.hopia.dev\/wp-content\/uploads\/2025\/06\/499863547_1025329736369878_3070040969276114396_n.jpg&#8221; title_text=&#8221;499863547_1025329736369878_3070040969276114396_n&#8221; _builder_version=&#8221;4.27.2&#8243; _module_preset=&#8221;default&#8221; global_colors_info=&#8221;{}&#8221;][\/et_pb_image][et_pb_text _builder_version=&#8221;4.27.2&#8243; _module_preset=&#8221;default&#8221; global_colors_info=&#8221;{}&#8221;]<\/p>\n<h2>Mets\u00e4palvelut<\/h2>\n<p>Tarjoamme kattavat mets\u00e4palvelut, jotka tekev\u00e4t pihastasi toimivan ja kauniin. Olipa tarpeesi pieni tai suuri, meilt\u00e4 l\u00f6yd\u00e4t ratkaisun. Osaava henkil\u00f6kuntamme ja nykyaikainen kalustomme takaavat laadukkaan lopputuloksen.<\/p>\n<p><strong>Pihapuiden kaato:<\/strong> Turvallinen ja tehokas tapa poistaa ei-toivotut puut pihaltasi.<\/p>\n<p><strong>Kantojyrsint\u00e4:<\/strong> J\u00e4t\u00e4 piha tasaiseksi ja siistiksi, ilman h\u00e4iritsevi\u00e4 kantoja.<\/p>\n<p><strong>Puiden ja risujen ajo:<\/strong> Huolehdimme, ett\u00e4 piha pysyy puhtaana ja siistin\u00e4.<br \/>Polttopuiden teko: Valmistaudu talveen laadukkailla polttopuilla, jotka tuovat l\u00e4mp\u00f6\u00e4 kotiisi.<\/p>\n<p>Rakennamme asiakkaan toiveiden mukaan r\u00e4\u00e4t\u00e4l\u00f6idyn palvelupaketin, joka vastaa juuri sinun tarpeitasi. Meid\u00e4n kanssamme mets\u00e4palvelut hoituvat vaivattomasti ja ammattitaidolla.<\/p>\n<p>Ota yhteytt\u00e4 ja anna meid\u00e4n auttaa sinua tekem\u00e4\u00e4n pihastasi juuri sellainen kuin haluat!<\/p>\n<p>[\/et_pb_text][\/et_pb_column][et_pb_column type=&#8221;1_3&#8243; _builder_version=&#8221;4.27.2&#8243; _module_preset=&#8221;default&#8221; global_colors_info=&#8221;{}&#8221;][et_pb_image src=&#8221;https:\/\/savonmoniosaajat.hopia.dev\/wp-content\/uploads\/2025\/06\/klapikone-102-scaled.jpg&#8221; title_text=&#8221;\u00f8;&#8221; _builder_version=&#8221;4.27.2&#8243; _module_preset=&#8221;default&#8221; global_colors_info=&#8221;{}&#8221;][\/et_pb_image][et_pb_text _builder_version=&#8221;4.27.2&#8243; _module_preset=&#8221;default&#8221; global_colors_info=&#8221;{}&#8221;]<\/p>\n<h2>Klapikonevuokraus<\/h2>\n<p>Vuokraa Pilkemaster Evo 36 klapikone ja hoida polttopuut vaivattomasti!<\/p>\n<p><strong>Vuokraushinnasto:<\/strong><\/p>\n<p>Vuorokausi: 124 \u20ac (sis. alv 25,5 %)<br \/>Viikonloppu: 250 \u20ac (sis. alv 25,5 %)<br \/>Pidemm\u00e4t vuokrausajat sopimuksen mukaan.<br \/>Urakointi klapikoneella:<br \/>Hinnat sovitaan tuntihinnalla tai urakkana. Ty\u00f6st\u00e4 kotitalousv\u00e4hennys.<\/p>\n<p><strong>Pilkemaster Evo 36 klapikoneen ominaisuudet:<br \/><\/strong>Henkil\u00f6autolla vedett\u00e4v\u00e4 tieliikennemalli, 80 km\/h.<br \/>14 hv polttomoottori, 98E.<br \/>Ty\u00f6teho 3-6 m\u00b3\/h.<br \/>4 m k\u00e4\u00e4ntyv\u00e4 kuljetin.<br \/>Max puun halkaisija 36 cm.<br \/>Puunnostin.<br \/>Halkaisuter\u00e4t 2\/4 osaan tai 6-osaan.<br \/>Liukuva sy\u00f6tt\u00f6p\u00f6yt\u00e4.<\/p>\n<p>[\/et_pb_text][\/et_pb_column][\/et_pb_row][\/et_pb_section][et_pb_section fb_built=&#8221;1&#8243; _builder_version=&#8221;4.27.2&#8243; _module_preset=&#8221;default&#8221; global_colors_info=&#8221;{}&#8221;][et_pb_row column_structure=&#8221;1_2,1_2&#8243; _builder_version=&#8221;4.27.2&#8243; _module_preset=&#8221;default&#8221; global_colors_info=&#8221;{}&#8221;][et_pb_column type=&#8221;1_2&#8243; _builder_version=&#8221;4.27.2&#8243; _module_preset=&#8221;default&#8221; global_colors_info=&#8221;{}&#8221;][et_pb_text _builder_version=&#8221;4.27.2&#8243; _module_preset=&#8221;default&#8221; global_colors_info=&#8221;{}&#8221;]<\/p>\n<h2>Yhteystiedot<\/h2>\n<p>Oksmanintie 37<br \/>79100 Lepp\u00e4virta<br \/>0442074521<strong><br \/><\/strong><a href=\"mailto:janne@savonmoniosaajat.fi\">janne@savonmoniosaajat.fi<\/a><\/p>\n<p>0442584727<br \/><a href=\"mailto:sami@savonmoniosaajat.fi\">sami@savonmoniosaajat.fi<\/a><\/p>\n<p>[\/et_pb_text][\/et_pb_column][et_pb_column type=&#8221;1_2&#8243; _builder_version=&#8221;4.27.2&#8243; _module_preset=&#8221;default&#8221; global_colors_info=&#8221;{}&#8221;][et_pb_text _builder_version=&#8221;4.27.2&#8243; _module_preset=&#8221;default&#8221; global_colors_info=&#8221;{}&#8221;]<\/p>\n<h2>Yhteydenottolomake<\/h2>\n<p>[\/et_pb_text][et_pb_contact_form _builder_version=&#8221;4.27.2&#8243; _module_preset=&#8221;default&#8221; _unique_id=&#8221;88b00fe3-2463-4041-90cf-32bd5029eaac&#8221; global_colors_info=&#8221;{}&#8221;][et_pb_contact_field field_id=&#8221;Name&#8221; field_title=&#8221;Name&#8221; _builder_version=&#8221;4.16&#8243; global_colors_info=&#8221;{}&#8221; button_text_size__hover_enabled=&#8221;off&#8221; button_one_text_size__hover_enabled=&#8221;off&#8221; button_two_text_size__hover_enabled=&#8221;off&#8221; button_text_color__hover_enabled=&#8221;off&#8221; button_one_text_color__hover_enabled=&#8221;off&#8221; button_two_text_color__hover_enabled=&#8221;off&#8221; button_border_width__hover_enabled=&#8221;off&#8221; button_one_border_width__hover_enabled=&#8221;off&#8221; button_two_border_width__hover_enabled=&#8221;off&#8221; button_border_color__hover_enabled=&#8221;off&#8221; button_one_border_color__hover_enabled=&#8221;off&#8221; button_two_border_color__hover_enabled=&#8221;off&#8221; button_border_radius__hover_enabled=&#8221;off&#8221; button_one_border_radius__hover_enabled=&#8221;off&#8221; button_two_border_radius__hover_enabled=&#8221;off&#8221; button_letter_spacing__hover_enabled=&#8221;off&#8221; button_one_letter_spacing__hover_enabled=&#8221;off&#8221; button_two_letter_spacing__hover_enabled=&#8221;off&#8221; button_bg_color__hover_enabled=&#8221;off&#8221; button_one_bg_color__hover_enabled=&#8221;off&#8221; button_two_bg_color__hover_enabled=&#8221;off&#8221;][\/et_pb_contact_field][et_pb_contact_field field_id=&#8221;Email&#8221; field_title=&#8221;Email Address&#8221; field_type=&#8221;email&#8221; _builder_version=&#8221;4.16&#8243; global_colors_info=&#8221;{}&#8221; button_text_size__hover_enabled=&#8221;off&#8221; button_one_text_size__hover_enabled=&#8221;off&#8221; button_two_text_size__hover_enabled=&#8221;off&#8221; button_text_color__hover_enabled=&#8221;off&#8221; button_one_text_color__hover_enabled=&#8221;off&#8221; button_two_text_color__hover_enabled=&#8221;off&#8221; button_border_width__hover_enabled=&#8221;off&#8221; button_one_border_width__hover_enabled=&#8221;off&#8221; button_two_border_width__hover_enabled=&#8221;off&#8221; button_border_color__hover_enabled=&#8221;off&#8221; button_one_border_color__hover_enabled=&#8221;off&#8221; button_two_border_color__hover_enabled=&#8221;off&#8221; button_border_radius__hover_enabled=&#8221;off&#8221; button_one_border_radius__hover_enabled=&#8221;off&#8221; button_two_border_radius__hover_enabled=&#8221;off&#8221; button_letter_spacing__hover_enabled=&#8221;off&#8221; button_one_letter_spacing__hover_enabled=&#8221;off&#8221; button_two_letter_spacing__hover_enabled=&#8221;off&#8221; button_bg_color__hover_enabled=&#8221;off&#8221; button_one_bg_color__hover_enabled=&#8221;off&#8221; button_two_bg_color__hover_enabled=&#8221;off&#8221;][\/et_pb_contact_field][et_pb_contact_field field_id=&#8221;Message&#8221; field_title=&#8221;Message&#8221; field_type=&#8221;text&#8221; fullwidth_field=&#8221;on&#8221; _builder_version=&#8221;4.16&#8243; global_colors_info=&#8221;{}&#8221; button_text_size__hover_enabled=&#8221;off&#8221; button_one_text_size__hover_enabled=&#8221;off&#8221; button_two_text_size__hover_enabled=&#8221;off&#8221; button_text_color__hover_enabled=&#8221;off&#8221; button_one_text_color__hover_enabled=&#8221;off&#8221; button_two_text_color__hover_enabled=&#8221;off&#8221; button_border_width__hover_enabled=&#8221;off&#8221; button_one_border_width__hover_enabled=&#8221;off&#8221; button_two_border_width__hover_enabled=&#8221;off&#8221; button_border_color__hover_enabled=&#8221;off&#8221; button_one_border_color__hover_enabled=&#8221;off&#8221; button_two_border_color__hover_enabled=&#8221;off&#8221; button_border_radius__hover_enabled=&#8221;off&#8221; button_one_border_radius__hover_enabled=&#8221;off&#8221; button_two_border_radius__hover_enabled=&#8221;off&#8221; button_letter_spacing__hover_enabled=&#8221;off&#8221; button_one_letter_spacing__hover_enabled=&#8221;off&#8221; button_two_letter_spacing__hover_enabled=&#8221;off&#8221; button_bg_color__hover_enabled=&#8221;off&#8221; button_one_bg_color__hover_enabled=&#8221;off&#8221; button_two_bg_color__hover_enabled=&#8221;off&#8221;][\/et_pb_contact_field][\/et_pb_contact_form][\/et_pb_column][\/et_pb_row][\/et_pb_section]<\/p>\n","protected":false},"excerpt":{"rendered":"<p>Monipuolista ja luotettavaa palvelua rakennus- ja mets\u00e4alan ammattilaisilta!Yritys Etsitk\u00f6 luotettavaa kumppania rakennus- tai mets\u00e4projekteihisi? Savon Moniosaajat Oy on valmiina auttamaan! Olemme erikoistuneet sek\u00e4 uudisrakennuksiin ett\u00e4 vanhempien kohteiden saneerauksiin. Olipa kyseess\u00e4 talo, m\u00f6kki, autotalli tai terassi, meilt\u00e4 l\u00f6ytyy osaamista ja kokemusta toteuttaa unelmasi. Mets\u00e4palvelumme kattavat kaiken pihapuiden kaadosta kantojyrsint\u00e4\u00e4n ja puiden sek\u00e4 risujen ajoon. Meid\u00e4n kanssamme [&hellip;]<\/p>\n","protected":false},"author":1,"featured_media":0,"parent":0,"menu_order":0,"comment_status":"closed","ping_status":"open","template":"","meta":{"_et_pb_use_builder":"on","_et_pb_old_content":"<!-- wp:paragraph -->\n<p>This is an example page. It's different from a blog post because it will stay in one place and will show up in your site navigation (in most themes). Most people start with an About page that introduces them to potential site visitors. It might say something like this:<\/p>\n<!-- \/wp:paragraph -->\n\n<!-- wp:quote -->\n<blockquote class=\"wp-block-quote\"><p>Hi there! I'm a bike messenger by day, aspiring actor by night, and this is my website. I live in Los Angeles, have a great dog named Jack, and I like pi&#241;a coladas. (And gettin' caught in the rain.)<\/p><\/blockquote>\n<!-- \/wp:quote -->\n\n<!-- wp:paragraph -->\n<p>...or something like this:<\/p>\n<!-- \/wp:paragraph -->\n\n<!-- wp:quote -->\n<blockquote class=\"wp-block-quote\"><p>The XYZ Doohickey Company was founded in 1971, and has been providing quality doohickeys to the public ever since. Located in Gotham City, XYZ employs over 2,000 people and does all kinds of awesome things for the Gotham community.<\/p><\/blockquote>\n<!-- \/wp:quote -->\n\n<!-- wp:paragraph -->\n<p>As a new WordPress user, you should go to <a href=\"https:\/\/savonmoniosaajat.hopia.dev\/wp-admin\/\">your dashboard<\/a> to delete this page and create new pages for your content. Have fun!<\/p>\n<!-- \/wp:paragraph -->","_et_gb_content_width":"","footnotes":""},"class_list":["post-2","page","type-page","status-publish","hentry"],"_links":{"self":[{"href":"https:\/\/savonmoniosaajat.hopia.dev\/index.php?rest_route=\/wp\/v2\/pages\/2","targetHints":{"allow":["GET"]}}],"collection":[{"href":"https:\/\/savonmoniosaajat.hopia.dev\/index.php?rest_route=\/wp\/v2\/pages"}],"about":[{"href":"https:\/\/savonmoniosaajat.hopia.dev\/index.php?rest_route=\/wp\/v2\/types\/page"}],"author":[{"embeddable":true,"href":"https:\/\/savonmoniosaajat.hopia.dev\/index.php?rest_route=\/wp\/v2\/users\/1"}],"replies":[{"embeddable":true,"href":"https:\/\/savonmoniosaajat.hopia.dev\/index.php?rest_route=%2Fwp%2Fv2%2Fcomments&post=2"}],"version-history":[{"count":3,"href":"https:\/\/savonmoniosaajat.hopia.dev\/index.php?rest_route=\/wp\/v2\/pages\/2\/revisions"}],"predecessor-version":[{"id":23,"href":"https:\/\/savonmoniosaajat.hopia.dev\/index.php?rest_route=\/wp\/v2\/pages\/2\/revisions\/23"}],"wp:attachment":[{"href":"https:\/\/savonmoniosaajat.hopia.dev\/index.php?rest_route=%2Fwp%2Fv2%2Fmedia&parent=2"}],"curies":[{"name":"wp","href":"https:\/\/api.w.org\/{rel}","templated":true}]}}